{"id":1400,"date":"2024-03-15T16:15:51","date_gmt":"2024-03-15T19:15:51","guid":{"rendered":"http:\/\/localhost\/azzurra\/?post_type=product&#038;p=1400"},"modified":"2024-04-22T15:57:43","modified_gmt":"2024-04-22T18:57:43","slug":"calca-masculina-refletiva","status":"publish","type":"product","link":"https:\/\/azzurrauniformes.com.br\/index.php\/product\/calca-masculina-refletiva\/","title":{"rendered":"Cal\u00e7a Masculina Refletiva"},"content":{"rendered":"","protected":false},"excerpt":{"rendered":"<p>Cal\u00e7a masculina, com el\u00e1stico total e cord\u00e3o, bolsos faca com faixa refletivas nas pernas.<\/p>\n<p>&nbsp;<\/p>\n","protected":false},"featured_media":1398,"template":"","meta":{"site-sidebar-layout":"default","site-content-layout":"boxed-container","ast-main-header-display":"","ast-hfb-above-header-display":"","ast-hfb-below-header-display":"","ast-hfb-mobile-header-display":"","site-post-title":"","ast-breadcrumbs-content":"","ast-featured-img":"","footer-sml-layout":"","theme-transparent-header-meta":"default","adv-header-id-meta":"","stick-header-meta":"default","header-above-stick-meta":"","header-main-stick-meta":"","header-below-stick-meta":""},"product_cat":[32],"product_tag":[104],"class_list":{"0":"post-1400","1":"product","2":"type-product","3":"status-publish","4":"has-post-thumbnail","6":"product_cat-operacional","7":"product_tag-clm-0375a","9":"first","10":"instock","11":"shipping-taxable","12":"product-type-simple"},"_links":{"self":[{"href":"https:\/\/azzurrauniformes.com.br\/index.php\/wp-json\/wp\/v2\/product\/1400","targetHints":{"allow":["GET"]}}],"collection":[{"href":"https:\/\/azzurrauniformes.com.br\/index.php\/wp-json\/wp\/v2\/product"}],"about":[{"href":"https:\/\/azzurrauniformes.com.br\/index.php\/wp-json\/wp\/v2\/types\/product"}],"wp:featuredmedia":[{"embeddable":true,"href":"https:\/\/azzurrauniformes.com.br\/index.php\/wp-json\/wp\/v2\/media\/1398"}],"wp:attachment":[{"href":"https:\/\/azzurrauniformes.com.br\/index.php\/wp-json\/wp\/v2\/media?parent=1400"}],"wp:term":[{"taxonomy":"product_cat","embeddable":true,"href":"https:\/\/azzurrauniformes.com.br\/index.php\/wp-json\/wp\/v2\/product_cat?post=1400"},{"taxonomy":"product_tag","embeddable":true,"href":"https:\/\/azzurrauniformes.com.br\/index.php\/wp-json\/wp\/v2\/product_tag?post=1400"}],"curies":[{"name":"wp","href":"https:\/\/api.w.org\/{rel}","templated":true}]}}