{"id":1384,"date":"2024-03-14T18:37:25","date_gmt":"2024-03-14T21:37:25","guid":{"rendered":"http:\/\/localhost\/azzurra\/?post_type=product&#038;p=1384"},"modified":"2024-04-22T15:40:22","modified_gmt":"2024-04-22T18:40:22","slug":"calca-de-pijama-feminina","status":"publish","type":"product","link":"https:\/\/azzurrauniformes.com.br\/index.php\/product\/calca-de-pijama-feminina\/","title":{"rendered":"Cal\u00e7a de Pijama Feminina"},"content":{"rendered":"","protected":false},"excerpt":{"rendered":"<p>Cal\u00e7a de pijama feminina, cord\u00e3o na cintura e el\u00e1stico total.<\/p>\n<p>&nbsp;<\/p>\n","protected":false},"featured_media":1382,"template":"","meta":{"site-sidebar-layout":"default","site-content-layout":"boxed-container","ast-main-header-display":"","ast-hfb-above-header-display":"","ast-hfb-below-header-display":"","ast-hfb-mobile-header-display":"","site-post-title":"","ast-breadcrumbs-content":"","ast-featured-img":"","footer-sml-layout":"","theme-transparent-header-meta":"default","adv-header-id-meta":"","stick-header-meta":"default","header-above-stick-meta":"","header-main-stick-meta":"","header-below-stick-meta":""},"product_cat":[31],"product_tag":[98],"class_list":{"0":"post-1384","1":"product","2":"type-product","3":"status-publish","4":"has-post-thumbnail","6":"product_cat-assistencial","7":"product_tag-pjc-006","9":"first","10":"instock","11":"shipping-taxable","12":"product-type-simple"},"_links":{"self":[{"href":"https:\/\/azzurrauniformes.com.br\/index.php\/wp-json\/wp\/v2\/product\/1384","targetHints":{"allow":["GET"]}}],"collection":[{"href":"https:\/\/azzurrauniformes.com.br\/index.php\/wp-json\/wp\/v2\/product"}],"about":[{"href":"https:\/\/azzurrauniformes.com.br\/index.php\/wp-json\/wp\/v2\/types\/product"}],"wp:featuredmedia":[{"embeddable":true,"href":"https:\/\/azzurrauniformes.com.br\/index.php\/wp-json\/wp\/v2\/media\/1382"}],"wp:attachment":[{"href":"https:\/\/azzurrauniformes.com.br\/index.php\/wp-json\/wp\/v2\/media?parent=1384"}],"wp:term":[{"taxonomy":"product_cat","embeddable":true,"href":"https:\/\/azzurrauniformes.com.br\/index.php\/wp-json\/wp\/v2\/product_cat?post=1384"},{"taxonomy":"product_tag","embeddable":true,"href":"https:\/\/azzurrauniformes.com.br\/index.php\/wp-json\/wp\/v2\/product_tag?post=1384"}],"curies":[{"name":"wp","href":"https:\/\/api.w.org\/{rel}","templated":true}]}}