{"id":1344,"date":"2024-03-14T14:24:45","date_gmt":"2024-03-14T17:24:45","guid":{"rendered":"http:\/\/localhost\/azzurra\/?post_type=product&#038;p=1344"},"modified":"2024-04-22T15:01:05","modified_gmt":"2024-04-22T18:01:05","slug":"sueter-feminino","status":"publish","type":"product","link":"https:\/\/azzurrauniformes.com.br\/index.php\/product\/sueter-feminino\/","title":{"rendered":"Su\u00e9ter Feminino"},"content":{"rendered":"","protected":false},"excerpt":{"rendered":"<p>Su\u00e9ter de l\u00e3 feminino decote v, manga longa com punho e barra sanfonados.<\/p>\n<p>&nbsp;<\/p>\n","protected":false},"featured_media":1345,"template":"","meta":{"site-sidebar-layout":"default","site-content-layout":"boxed-container","ast-main-header-display":"","ast-hfb-above-header-display":"","ast-hfb-below-header-display":"","ast-hfb-mobile-header-display":"","site-post-title":"","ast-breadcrumbs-content":"","ast-featured-img":"","footer-sml-layout":"","theme-transparent-header-meta":"default","adv-header-id-meta":"","stick-header-meta":"default","header-above-stick-meta":"","header-main-stick-meta":"","header-below-stick-meta":""},"product_cat":[31],"product_tag":[62],"class_list":{"0":"post-1344","1":"product","2":"type-product","3":"status-publish","4":"has-post-thumbnail","6":"product_cat-assistencial","7":"product_tag-sl-002","9":"first","10":"instock","11":"shipping-taxable","12":"product-type-simple"},"_links":{"self":[{"href":"https:\/\/azzurrauniformes.com.br\/index.php\/wp-json\/wp\/v2\/product\/1344","targetHints":{"allow":["GET"]}}],"collection":[{"href":"https:\/\/azzurrauniformes.com.br\/index.php\/wp-json\/wp\/v2\/product"}],"about":[{"href":"https:\/\/azzurrauniformes.com.br\/index.php\/wp-json\/wp\/v2\/types\/product"}],"wp:featuredmedia":[{"embeddable":true,"href":"https:\/\/azzurrauniformes.com.br\/index.php\/wp-json\/wp\/v2\/media\/1345"}],"wp:attachment":[{"href":"https:\/\/azzurrauniformes.com.br\/index.php\/wp-json\/wp\/v2\/media?parent=1344"}],"wp:term":[{"taxonomy":"product_cat","embeddable":true,"href":"https:\/\/azzurrauniformes.com.br\/index.php\/wp-json\/wp\/v2\/product_cat?post=1344"},{"taxonomy":"product_tag","embeddable":true,"href":"https:\/\/azzurrauniformes.com.br\/index.php\/wp-json\/wp\/v2\/product_tag?post=1344"}],"curies":[{"name":"wp","href":"https:\/\/api.w.org\/{rel}","templated":true}]}}