{"id":1331,"date":"2024-03-14T14:01:23","date_gmt":"2024-03-14T17:01:23","guid":{"rendered":"http:\/\/localhost\/azzurra\/?post_type=product&#038;p=1331"},"modified":"2024-04-22T14:51:11","modified_gmt":"2024-04-22T17:51:11","slug":"calca-feminina","status":"publish","type":"product","link":"https:\/\/azzurrauniformes.com.br\/index.php\/product\/calca-feminina\/","title":{"rendered":"Cal\u00e7a Feminina"},"content":{"rendered":"","protected":false},"excerpt":{"rendered":"<p>Cal\u00e7a feminina tradicional c\u00f3s largo, sem bolso.<\/p>\n<p>&nbsp;<\/p>\n","protected":false},"featured_media":1327,"template":"","meta":{"site-sidebar-layout":"default","site-content-layout":"boxed-container","ast-main-header-display":"","ast-hfb-above-header-display":"","ast-hfb-below-header-display":"","ast-hfb-mobile-header-display":"","site-post-title":"","ast-breadcrumbs-content":"","ast-featured-img":"","footer-sml-layout":"","theme-transparent-header-meta":"default","adv-header-id-meta":"","stick-header-meta":"default","header-above-stick-meta":"","header-main-stick-meta":"","header-below-stick-meta":""},"product_cat":[31],"product_tag":[89],"class_list":{"0":"post-1331","1":"product","2":"type-product","3":"status-publish","4":"has-post-thumbnail","6":"product_cat-assistencial","7":"product_tag-cl-002a","9":"first","10":"instock","11":"shipping-taxable","12":"product-type-simple"},"_links":{"self":[{"href":"https:\/\/azzurrauniformes.com.br\/index.php\/wp-json\/wp\/v2\/product\/1331","targetHints":{"allow":["GET"]}}],"collection":[{"href":"https:\/\/azzurrauniformes.com.br\/index.php\/wp-json\/wp\/v2\/product"}],"about":[{"href":"https:\/\/azzurrauniformes.com.br\/index.php\/wp-json\/wp\/v2\/types\/product"}],"wp:featuredmedia":[{"embeddable":true,"href":"https:\/\/azzurrauniformes.com.br\/index.php\/wp-json\/wp\/v2\/media\/1327"}],"wp:attachment":[{"href":"https:\/\/azzurrauniformes.com.br\/index.php\/wp-json\/wp\/v2\/media?parent=1331"}],"wp:term":[{"taxonomy":"product_cat","embeddable":true,"href":"https:\/\/azzurrauniformes.com.br\/index.php\/wp-json\/wp\/v2\/product_cat?post=1331"},{"taxonomy":"product_tag","embeddable":true,"href":"https:\/\/azzurrauniformes.com.br\/index.php\/wp-json\/wp\/v2\/product_tag?post=1331"}],"curies":[{"name":"wp","href":"https:\/\/api.w.org\/{rel}","templated":true}]}}