{"id":1274,"date":"2024-03-13T19:29:26","date_gmt":"2024-03-13T22:29:26","guid":{"rendered":"http:\/\/localhost\/azzurra\/?post_type=product&#038;p=1274"},"modified":"2024-04-19T18:11:13","modified_gmt":"2024-04-19T21:11:13","slug":"calca-social","status":"publish","type":"product","link":"https:\/\/azzurrauniformes.com.br\/index.php\/product\/calca-social\/","title":{"rendered":"Cal\u00e7a Social"},"content":{"rendered":"","protected":false},"excerpt":{"rendered":"<p>Cal\u00e7a social masculina sem pregas, fechamento por gancho, bolsos faca e bolsos traseiros com 2 vivos e bot\u00f5es.<\/p>\n<p>&nbsp;<\/p>\n","protected":false},"featured_media":1275,"template":"","meta":{"site-sidebar-layout":"default","site-content-layout":"boxed-container","ast-main-header-display":"","ast-hfb-above-header-display":"","ast-hfb-below-header-display":"","ast-hfb-mobile-header-display":"","site-post-title":"","ast-breadcrumbs-content":"","ast-featured-img":"","footer-sml-layout":"","theme-transparent-header-meta":"default","adv-header-id-meta":"","stick-header-meta":"default","header-above-stick-meta":"","header-main-stick-meta":"","header-below-stick-meta":""},"product_cat":[30],"product_tag":[74],"class_list":{"0":"post-1274","1":"product","2":"type-product","3":"status-publish","4":"has-post-thumbnail","6":"product_cat-social-masculina","7":"product_tag-clm-050","9":"first","10":"instock","11":"shipping-taxable","12":"product-type-simple"},"_links":{"self":[{"href":"https:\/\/azzurrauniformes.com.br\/index.php\/wp-json\/wp\/v2\/product\/1274","targetHints":{"allow":["GET"]}}],"collection":[{"href":"https:\/\/azzurrauniformes.com.br\/index.php\/wp-json\/wp\/v2\/product"}],"about":[{"href":"https:\/\/azzurrauniformes.com.br\/index.php\/wp-json\/wp\/v2\/types\/product"}],"wp:featuredmedia":[{"embeddable":true,"href":"https:\/\/azzurrauniformes.com.br\/index.php\/wp-json\/wp\/v2\/media\/1275"}],"wp:attachment":[{"href":"https:\/\/azzurrauniformes.com.br\/index.php\/wp-json\/wp\/v2\/media?parent=1274"}],"wp:term":[{"taxonomy":"product_cat","embeddable":true,"href":"https:\/\/azzurrauniformes.com.br\/index.php\/wp-json\/wp\/v2\/product_cat?post=1274"},{"taxonomy":"product_tag","embeddable":true,"href":"https:\/\/azzurrauniformes.com.br\/index.php\/wp-json\/wp\/v2\/product_tag?post=1274"}],"curies":[{"name":"wp","href":"https:\/\/api.w.org\/{rel}","templated":true}]}}